{"id":2753,"date":"2026-01-08T11:21:48","date_gmt":"2026-01-08T11:21:48","guid":{"rendered":"https:\/\/cidec.net\/enpleguempleo\/?page_id=2753"},"modified":"2026-01-19T09:23:27","modified_gmt":"2026-01-19T09:23:27","slug":"jornada-2024","status":"publish","type":"page","link":"https:\/\/cidec.net\/enpleguempleo\/jornada-2024\/","title":{"rendered":"Jornada 2024"},"content":{"rendered":"\t\t<div data-elementor-type=\"wp-page\" data-elementor-id=\"2753\" class=\"elementor elementor-2753\">\n\t\t\t\t\t\t\t\t\t<section class=\"elementor-section elementor-top-section elementor-element elementor-element-f7bb19e elementor-section-boxed elementor-section-height-default elementor-section-height-default\" data-id=\"f7bb19e\" data-element_type=\"section\">\n\t\t\t\t\t\t<div class=\"elementor-container elementor-column-gap-default\">\n\t\t\t\t\t<div class=\"elementor-column elementor-col-100 elementor-top-column elementor-element elementor-element-6f0eae4\" data-id=\"6f0eae4\" data-element_type=\"column\">\n\t\t\t<div class=\"elementor-widget-wrap elementor-element-populated\">\n\t\t\t\t\t\t\t\t<div class=\"elementor-element elementor-element-4183ece elementor-widget elementor-widget-spacer\" data-id=\"4183ece\" data-element_type=\"widget\" data-widget_type=\"spacer.default\">\n\t\t\t\t<div class=\"elementor-widget-container\">\n\t\t\t<style>\/*! elementor - v3.12.1 - 02-04-2023 *\/\n.elementor-column .elementor-spacer-inner{height:var(--spacer-size)}.e-con{--container-widget-width:100%}.e-con-inner>.elementor-widget-spacer,.e-con>.elementor-widget-spacer{width:var(--container-widget-width,var(--spacer-size));--align-self:var(--container-widget-align-self,initial);--flex-shrink:0}.e-con-inner>.elementor-widget-spacer>.elementor-widget-container,.e-con-inner>.elementor-widget-spacer>.elementor-widget-container>.elementor-spacer,.e-con>.elementor-widget-spacer>.elementor-widget-container,.e-con>.elementor-widget-spacer>.elementor-widget-container>.elementor-spacer{height:100%}.e-con-inner>.elementor-widget-spacer>.elementor-widget-container>.elementor-spacer>.elementor-spacer-inner,.e-con>.elementor-widget-spacer>.elementor-widget-container>.elementor-spacer>.elementor-spacer-inner{height:var(--container-widget-height,var(--spacer-size))}<\/style>\t\t<div class=\"elementor-spacer\">\n\t\t\t<div class=\"elementor-spacer-inner\"><\/div>\n\t\t<\/div>\n\t\t\t\t<\/div>\n\t\t\t\t<\/div>\n\t\t\t\t\t<\/div>\n\t\t<\/div>\n\t\t\t\t\t\t\t<\/div>\n\t\t<\/section>\n\t\t\t\t<section class=\"elementor-section elementor-top-section elementor-element elementor-element-970695f elementor-section-full_width elementor-section-height-default elementor-section-height-default\" data-id=\"970695f\" data-element_type=\"section\" data-settings=\"{&quot;background_background&quot;:&quot;classic&quot;}\">\n\t\t\t\t\t\t<div class=\"elementor-container elementor-column-gap-default\">\n\t\t\t\t\t<div class=\"elementor-column elementor-col-100 elementor-top-column elementor-element elementor-element-9845de8\" data-id=\"9845de8\" data-element_type=\"column\">\n\t\t\t<div class=\"elementor-widget-wrap elementor-element-populated\">\n\t\t\t\t\t\t\t\t<div class=\"elementor-element elementor-element-c700b99 elementor-widget elementor-widget-heading\" data-id=\"c700b99\" data-element_type=\"widget\" data-widget_type=\"heading.default\">\n\t\t\t\t<div class=\"elementor-widget-container\">\n\t\t\t<style>\/*! elementor - v3.12.1 - 02-04-2023 *\/\n.elementor-heading-title{padding:0;margin:0;line-height:1}.elementor-widget-heading .elementor-heading-title[class*=elementor-size-]>a{color:inherit;font-size:inherit;line-height:inherit}.elementor-widget-heading .elementor-heading-title.elementor-size-small{font-size:15px}.elementor-widget-heading .elementor-heading-title.elementor-size-medium{font-size:19px}.elementor-widget-heading .elementor-heading-title.elementor-size-large{font-size:29px}.elementor-widget-heading .elementor-heading-title.elementor-size-xl{font-size:39px}.elementor-widget-heading .elementor-heading-title.elementor-size-xxl{font-size:59px}<\/style><span class=\"elementor-heading-title elementor-size-large\">Presentaci\u00f3n 2024 - 31 de enero<\/span>\t\t<\/div>\n\t\t\t\t<\/div>\n\t\t\t\t\t<\/div>\n\t\t<\/div>\n\t\t\t\t\t\t\t<\/div>\n\t\t<\/section>\n\t\t\t\t<section class=\"elementor-section elementor-top-section elementor-element elementor-element-57ed1de elementor-section-content-top elementor-section-boxed elementor-section-height-default elementor-section-height-default\" data-id=\"57ed1de\" data-element_type=\"section\">\n\t\t\t\t\t\t<div class=\"elementor-container elementor-column-gap-default\">\n\t\t\t\t\t<div class=\"elementor-column elementor-col-100 elementor-top-column elementor-element elementor-element-f23b21d\" data-id=\"f23b21d\" data-element_type=\"column\">\n\t\t\t<div class=\"elementor-widget-wrap elementor-element-populated\">\n\t\t\t\t\t\t\t\t<div class=\"elementor-element elementor-element-416613c elementor-widget elementor-widget-heading\" data-id=\"416613c\" data-element_type=\"widget\" data-widget_type=\"heading.default\">\n\t\t\t\t<div class=\"elementor-widget-container\">\n\t\t\t<h2 class=\"elementor-heading-title elementor-size-default\">\nActo de firmas<\/h2>\t\t<\/div>\n\t\t\t\t<\/div>\n\t\t\t\t<div class=\"elementor-element elementor-element-4e75d9f elementor-widget elementor-widget-text-editor\" data-id=\"4e75d9f\" data-element_type=\"widget\" data-widget_type=\"text-editor.default\">\n\t\t\t\t<div class=\"elementor-widget-container\">\n\t\t\t<style>\/*! elementor - v3.12.1 - 02-04-2023 *\/\n.elementor-widget-text-editor.elementor-drop-cap-view-stacked .elementor-drop-cap{background-color:#69727d;color:#fff}.elementor-widget-text-editor.elementor-drop-cap-view-framed .elementor-drop-cap{color:#69727d;border:3px solid;background-color:transparent}.elementor-widget-text-editor:not(.elementor-drop-cap-view-default) .elementor-drop-cap{margin-top:8px}.elementor-widget-text-editor:not(.elementor-drop-cap-view-default) .elementor-drop-cap-letter{width:1em;height:1em}.elementor-widget-text-editor .elementor-drop-cap{float:left;text-align:center;line-height:1;font-size:50px}.elementor-widget-text-editor .elementor-drop-cap-letter{display:inline-block}<\/style>\t\t\t\t<p><span data-olk-copy-source=\"MessageBody\">La Vicelehendakari y consejera de Trabajo y Empleo, Idoia Mendia, ha abierto hoy las adhesiones a un Pacto Social por el Empleo que supone un \u201cpunto y seguido a un profundo proceso de transformaci\u00f3n de las pol\u00edticas p\u00fablicas en el empleo, orientadas a su calidad y dignidad, y una apertura de una nueva era en el empleo que exige una alianza estrat\u00e9gica\u201d. <\/span><span data-olk-copy-source=\"MessageBody\">Se trata, ha a\u00f1adido, de un pacto cuyo objetivo es garantizar el empleo digno en condiciones de igualdad, impulsando una actividad econ\u00f3mica competitiva, sostenible y responsable, y al que se podr\u00e1n seguir sumando las entidades que lo deseen v\u00eda online (<a href=\"https:\/\/cidec.net\/enpleguempleo\/\">https:\/\/cidec.net\/enpleguempleo\/<\/a>).\u00a0<\/span><\/p><p class=\"x_MsoNormal\" data-olk-copy-source=\"MessageBody\">Alrededor de 97 instituciones y agentes sociales, econ\u00f3micos y educativos vascos han participado hoy en el acto de firma el Pacto Social por el Empleo en Euskadi, un evento celebrado en el Edificio del Ensanche en Bilbao y en el que ha estado representadas, junto al Departamento de Trabajo y Empleo, otras \u00e1reas del Gobierno vasco, las tres Diputaciones forales y 31 ayuntamientos, entre ellos los de las tres capitales vascas.Han suscrito tambi\u00e9n el documento Confebask, CC.OO., UGT, USO, la Asociaci\u00f3n de Aut\u00f3nomos de Euskadi, Konfekoop, ASLE, Enpresariak, las C\u00e1maras de Comercio de los tres territorios, entidades del tercer sector, doce agencias comarcales de desarrollo, catorce cl\u00fasteres empresariales, la Universidad del Pa\u00eds Vasco, la de Mondrag\u00f3n y la de Deusto, y diversos centros formativos. El acto ha contado con las intervenciones de la alcaldesa de Bilbao, Amaia Arregi, y de la Vicelehendakari Idoia Mendia.<\/p>\t\t\t\t\t\t<\/div>\n\t\t\t\t<\/div>\n\t\t\t\t\t<\/div>\n\t\t<\/div>\n\t\t\t\t\t\t\t<\/div>\n\t\t<\/section>\n\t\t\t\t<section class=\"elementor-section elementor-top-section elementor-element elementor-element-62bdb07 elementor-section-boxed elementor-section-height-default elementor-section-height-default\" data-id=\"62bdb07\" data-element_type=\"section\">\n\t\t\t\t\t\t<div class=\"elementor-container elementor-column-gap-default\">\n\t\t\t\t\t<div class=\"elementor-column elementor-col-100 elementor-top-column elementor-element elementor-element-a94b16b\" data-id=\"a94b16b\" data-element_type=\"column\">\n\t\t\t<div class=\"elementor-widget-wrap elementor-element-populated\">\n\t\t\t\t\t\t\t\t<div class=\"elementor-element elementor-element-69670e6 elementor-widget__width-initial elementor-widget elementor-widget-image\" data-id=\"69670e6\" data-element_type=\"widget\" data-widget_type=\"image.default\">\n\t\t\t\t<div class=\"elementor-widget-container\">\n\t\t\t<style>\/*! elementor - v3.12.1 - 02-04-2023 *\/\n.elementor-widget-image{text-align:center}.elementor-widget-image a{display:inline-block}.elementor-widget-image a img[src$=\".svg\"]{width:48px}.elementor-widget-image img{vertical-align:middle;display:inline-block}<\/style>\t\t\t\t\t\t\t\t\t\t\t\t<img loading=\"lazy\" decoding=\"async\" width=\"768\" height=\"401\" src=\"https:\/\/cidec.net\/enpleguempleo\/wp-content\/uploads\/2024\/09\/240131_Pacto_Social_por_el_Empleo5-e1727353450257-768x401.jpeg\" class=\"attachment-medium_large size-medium_large wp-image-2249\" alt=\"\" srcset=\"https:\/\/cidec.net\/enpleguempleo\/wp-content\/uploads\/2024\/09\/240131_Pacto_Social_por_el_Empleo5-e1727353450257-768x401.jpeg 768w, https:\/\/cidec.net\/enpleguempleo\/wp-content\/uploads\/2024\/09\/240131_Pacto_Social_por_el_Empleo5-e1727353450257-300x157.jpeg 300w, https:\/\/cidec.net\/enpleguempleo\/wp-content\/uploads\/2024\/09\/240131_Pacto_Social_por_el_Empleo5-e1727353450257-1024x535.jpeg 1024w, https:\/\/cidec.net\/enpleguempleo\/wp-content\/uploads\/2024\/09\/240131_Pacto_Social_por_el_Empleo5-e1727353450257-800x418.jpeg 800w, https:\/\/cidec.net\/enpleguempleo\/wp-content\/uploads\/2024\/09\/240131_Pacto_Social_por_el_Empleo5-e1727353450257.jpeg 1280w\" sizes=\"auto, (max-width: 768px) 100vw, 768px\" \/>\t\t\t\t\t\t\t\t\t\t\t\t\t\t\t<\/div>\n\t\t\t\t<\/div>\n\t\t\t\t\t<\/div>\n\t\t<\/div>\n\t\t\t\t\t\t\t<\/div>\n\t\t<\/section>\n\t\t\t\t<section class=\"elementor-section elementor-top-section elementor-element elementor-element-684c249 elementor-section-boxed elementor-section-height-default elementor-section-height-default\" data-id=\"684c249\" data-element_type=\"section\" data-settings=\"{&quot;background_background&quot;:&quot;classic&quot;}\">\n\t\t\t\t\t\t<div class=\"elementor-container elementor-column-gap-default\">\n\t\t\t\t\t<div class=\"elementor-column elementor-col-100 elementor-top-column elementor-element elementor-element-f3726b3\" data-id=\"f3726b3\" data-element_type=\"column\">\n\t\t\t<div class=\"elementor-widget-wrap elementor-element-populated\">\n\t\t\t\t\t\t\t\t<section class=\"elementor-section elementor-inner-section elementor-element elementor-element-fe8fcb7 elementor-section-boxed elementor-section-height-default elementor-section-height-default\" data-id=\"fe8fcb7\" data-element_type=\"section\" data-settings=\"{&quot;background_background&quot;:&quot;classic&quot;}\">\n\t\t\t\t\t\t<div class=\"elementor-container elementor-column-gap-default\">\n\t\t\t\t\t<div class=\"elementor-column elementor-col-100 elementor-inner-column elementor-element elementor-element-2860a64\" data-id=\"2860a64\" data-element_type=\"column\">\n\t\t\t<div class=\"elementor-widget-wrap elementor-element-populated\">\n\t\t\t\t\t\t\t\t<div class=\"elementor-element elementor-element-831ec2a elementor-align-center elementor-widget__width-inherit elementor-widget elementor-widget-button\" data-id=\"831ec2a\" data-element_type=\"widget\" data-widget_type=\"button.default\">\n\t\t\t\t<div class=\"elementor-widget-container\">\n\t\t\t\t\t<div class=\"elementor-button-wrapper\">\n\t\t\t<a href=\"https:\/\/cidec.net\/enpleguempleo\/wp-content\/uploads\/2024\/09\/documentoBase-PactoSocialEmpleo.pdf\" class=\"elementor-button-link elementor-button elementor-size-md\" role=\"button\">\n\t\t\t\t\t\t<span class=\"elementor-button-content-wrapper\">\n\t\t\t\t\t\t\t<span class=\"elementor-button-icon elementor-align-icon-left\">\n\t\t\t\t<i aria-hidden=\"true\" class=\"fas fa-file-download\"><\/i>\t\t\t<\/span>\n\t\t\t\t\t\t<span class=\"elementor-button-text\">Pacto Social por el Empleo (.pdf)<\/span>\n\t\t<\/span>\n\t\t\t\t\t<\/a>\n\t\t<\/div>\n\t\t\t\t<\/div>\n\t\t\t\t<\/div>\n\t\t\t\t\t<\/div>\n\t\t<\/div>\n\t\t\t\t\t\t\t<\/div>\n\t\t<\/section>\n\t\t\t\t\t<\/div>\n\t\t<\/div>\n\t\t\t\t\t\t\t<\/div>\n\t\t<\/section>\n\t\t\t\t<section class=\"elementor-section elementor-top-section elementor-element elementor-element-18fd035 elementor-section-stretched elementor-section-boxed elementor-section-height-default elementor-section-height-default\" data-id=\"18fd035\" data-element_type=\"section\" data-settings=\"{&quot;background_background&quot;:&quot;classic&quot;,&quot;stretch_section&quot;:&quot;section-stretched&quot;}\">\n\t\t\t\t\t\t<div class=\"elementor-container elementor-column-gap-default\">\n\t\t\t\t\t<div class=\"elementor-column elementor-col-33 elementor-top-column elementor-element elementor-element-59b6518\" data-id=\"59b6518\" data-element_type=\"column\">\n\t\t\t<div class=\"elementor-widget-wrap elementor-element-populated\">\n\t\t\t\t\t\t\t\t<div class=\"elementor-element elementor-element-045dce8 elementor-position-top elementor-widget__width-initial elementor-view-default elementor-mobile-position-top elementor-vertical-align-top elementor-widget elementor-widget-icon-box\" data-id=\"045dce8\" data-element_type=\"widget\" data-settings=\"{&quot;_animation&quot;:&quot;none&quot;}\" data-widget_type=\"icon-box.default\">\n\t\t\t\t<div class=\"elementor-widget-container\">\n\t\t\t<link rel=\"stylesheet\" href=\"https:\/\/cidec.net\/enpleguempleo\/wp-content\/plugins\/elementor\/assets\/css\/widget-icon-box.min.css\">\t\t<div class=\"elementor-icon-box-wrapper\">\n\t\t\t\t\t\t<div class=\"elementor-icon-box-icon\">\n\t\t\t\t<a class=\"elementor-icon elementor-animation-\" href=\"https:\/\/cidec.net\/enpleguempleo\/antecedentes\/\">\n\t\t\t\t<i aria-hidden=\"true\" class=\"far fa-circle\"><\/i>\t\t\t\t<\/a>\n\t\t\t<\/div>\n\t\t\t\t\t\t<div class=\"elementor-icon-box-content\">\n\t\t\t\t<p class=\"elementor-icon-box-title\">\n\t\t\t\t\t<a href=\"https:\/\/cidec.net\/enpleguempleo\/antecedentes\/\" >\n\t\t\t\t\t\tAntecedentes\t\t\t\t\t<\/a>\n\t\t\t\t<\/p>\n\t\t\t\t\t\t\t<\/div>\n\t\t<\/div>\n\t\t\t\t<\/div>\n\t\t\t\t<\/div>\n\t\t\t\t\t<\/div>\n\t\t<\/div>\n\t\t\t\t<div class=\"elementor-column elementor-col-33 elementor-top-column elementor-element elementor-element-b6ddabd\" data-id=\"b6ddabd\" data-element_type=\"column\" data-settings=\"{&quot;animation&quot;:&quot;none&quot;}\">\n\t\t\t<div class=\"elementor-widget-wrap elementor-element-populated\">\n\t\t\t\t\t\t\t\t<div class=\"elementor-element elementor-element-4c5623f elementor-position-top elementor-view-default elementor-mobile-position-top elementor-vertical-align-top elementor-widget elementor-widget-icon-box\" data-id=\"4c5623f\" data-element_type=\"widget\" data-settings=\"{&quot;_animation&quot;:&quot;none&quot;}\" data-widget_type=\"icon-box.default\">\n\t\t\t\t<div class=\"elementor-widget-container\">\n\t\t\t\t\t<div class=\"elementor-icon-box-wrapper\">\n\t\t\t\t\t\t<div class=\"elementor-icon-box-icon\">\n\t\t\t\t<a class=\"elementor-icon elementor-animation-\" href=\"https:\/\/cidec.net\/enpleguempleo\/construimos\/\">\n\t\t\t\t<i aria-hidden=\"true\" class=\"fas fa-stop-circle\"><\/i>\t\t\t\t<\/a>\n\t\t\t<\/div>\n\t\t\t\t\t\t<div class=\"elementor-icon-box-content\">\n\t\t\t\t<p class=\"elementor-icon-box-title\">\n\t\t\t\t\t<a href=\"https:\/\/cidec.net\/enpleguempleo\/construimos\/\" >\n\t\t\t\t\t\tC\u00f3mo construimos el Pacto Social por el Empleo\t\t\t\t\t<\/a>\n\t\t\t\t<\/p>\n\t\t\t\t\t\t\t<\/div>\n\t\t<\/div>\n\t\t\t\t<\/div>\n\t\t\t\t<\/div>\n\t\t\t\t\t<\/div>\n\t\t<\/div>\n\t\t\t\t<div class=\"elementor-column elementor-col-33 elementor-top-column elementor-element elementor-element-2ba52ba\" data-id=\"2ba52ba\" data-element_type=\"column\" data-settings=\"{&quot;animation&quot;:&quot;none&quot;}\">\n\t\t\t<div class=\"elementor-widget-wrap elementor-element-populated\">\n\t\t\t\t\t\t\t\t<div class=\"elementor-element elementor-element-12acf4e elementor-position-top elementor-widget__width-initial elementor-view-default elementor-mobile-position-top elementor-vertical-align-top elementor-widget elementor-widget-icon-box\" data-id=\"12acf4e\" data-element_type=\"widget\" data-settings=\"{&quot;_animation&quot;:&quot;none&quot;}\" data-widget_type=\"icon-box.default\">\n\t\t\t\t<div class=\"elementor-widget-container\">\n\t\t\t\t\t<div class=\"elementor-icon-box-wrapper\">\n\t\t\t\t\t\t<div class=\"elementor-icon-box-icon\">\n\t\t\t\t<a class=\"elementor-icon elementor-animation-\" href=\"https:\/\/cidec.net\/enpleguempleo\/que\/\">\n\t\t\t\t<i aria-hidden=\"true\" class=\"fas fa-window-close\"><\/i>\t\t\t\t<\/a>\n\t\t\t<\/div>\n\t\t\t\t\t\t<div class=\"elementor-icon-box-content\">\n\t\t\t\t<p class=\"elementor-icon-box-title\">\n\t\t\t\t\t<a href=\"https:\/\/cidec.net\/enpleguempleo\/que\/\" >\n\t\t\t\t\t\tY despu\u00e9s del Pacto, \u00bfqu\u00e9?\t\t\t\t\t<\/a>\n\t\t\t\t<\/p>\n\t\t\t\t\t\t\t<\/div>\n\t\t<\/div>\n\t\t\t\t<\/div>\n\t\t\t\t<\/div>\n\t\t\t\t\t<\/div>\n\t\t<\/div>\n\t\t\t\t\t\t\t<\/div>\n\t\t<\/section>\n\t\t\t\t\t\t\t<\/div>\n\t\t","protected":false},"excerpt":{"rendered":"<p>Presentaci\u00f3n 2024 &#8211; 31 de enero Acto de firmas La Vicelehendakari y consejera de Trabajo y Empleo, Idoia Mendia, ha abierto hoy las adhesiones a un Pacto Social por el Empleo que supone un \u201cpunto y seguido a un profundo proceso de transformaci\u00f3n de las pol\u00edticas p\u00fablicas en el empleo, orientadas a su calidad y dignidad, y una apertura de<\/p>\n<p><a class=\"more-link\" href=\"https:\/\/cidec.net\/enpleguempleo\/jornada-2024\/\">Leer m\u00e1s<\/a><\/p>\n","protected":false},"author":1,"featured_media":0,"parent":0,"menu_order":0,"comment_status":"closed","ping_status":"closed","template":"","meta":{"_mc_calendar":[],"footnotes":""},"class_list":["post-2753","page","type-page","status-publish","hentry"],"_links":{"self":[{"href":"https:\/\/cidec.net\/enpleguempleo\/wp-json\/wp\/v2\/pages\/2753","targetHints":{"allow":["GET"]}}],"collection":[{"href":"https:\/\/cidec.net\/enpleguempleo\/wp-json\/wp\/v2\/pages"}],"about":[{"href":"https:\/\/cidec.net\/enpleguempleo\/wp-json\/wp\/v2\/types\/page"}],"author":[{"embeddable":true,"href":"https:\/\/cidec.net\/enpleguempleo\/wp-json\/wp\/v2\/users\/1"}],"replies":[{"embeddable":true,"href":"https:\/\/cidec.net\/enpleguempleo\/wp-json\/wp\/v2\/comments?post=2753"}],"version-history":[{"count":27,"href":"https:\/\/cidec.net\/enpleguempleo\/wp-json\/wp\/v2\/pages\/2753\/revisions"}],"predecessor-version":[{"id":3104,"href":"https:\/\/cidec.net\/enpleguempleo\/wp-json\/wp\/v2\/pages\/2753\/revisions\/3104"}],"wp:attachment":[{"href":"https:\/\/cidec.net\/enpleguempleo\/wp-json\/wp\/v2\/media?parent=2753"}],"curies":[{"name":"wp","href":"https:\/\/api.w.org\/{rel}","templated":true}]}}